{"id":5,"date":"2022-06-02T14:03:31","date_gmt":"2022-06-02T14:03:31","guid":{"rendered":"http:\/\/kisevi.com\/?page_id=2"},"modified":"2022-06-02T15:02:41","modified_gmt":"2022-06-02T15:02:41","slug":"yapilacaklar","status":"publish","type":"page","link":"https:\/\/www.kisevi.com\/index.php\/yapilacaklar\/","title":{"rendered":"Yap\u0131lacaklar"},"content":{"rendered":"\n<p>Bu konuda ikilem i\u00e7erisindeyim. \u00d6nce etraf\u0131na ta\u015f duvar m\u0131 yap\u0131lmal\u0131, yoksa ev mi tadilata girmeli. Ev ile ilgili \u00fczerine bir kat daha \u00e7\u0131kmak gibi \u00e7\u0131lg\u0131nca bir fikrim var. Zira ev 60 metrekareden olu\u015fuyor. \u00d6n\u00fcnde terasl\u0131 bir balkon ile kimbilir nas\u0131l da g\u00fczel bir manzaras\u0131 olur. Her nekadar artan masraf d\u00fcnyas\u0131na nas\u0131l dayan\u0131l\u0131r bilemedim. G\u00f6recegiz.<\/p>\n\n\n\n<ol class=\"wp-block-list\"><li>Ta\u015f Duvar \u00e7evrilmesi. (Haziran 2022 &#8211; m2 fiyat\u0131 600 TL &#8211; malzeme dahil) &#8211; Toplam 150 metreye yak\u0131n duvar var. 1.50 metre y\u00fckseklik ile a\u015fa\u011f\u0131 yukar\u0131 225 m2 ta\u015f duvar \u00f6r\u00fclecek. 135 bin lira ciddi bir miktar \u015fu anda) (Dolar 16.50)<\/li><li>Evin tadilat\u0131 &#8211; m\u00fcmk\u00fcnde bir kat eklenmesi.<\/li><li>Bah\u00e7enin peyzaj\u0131, set ile y\u00fckseltilmesi. (\u00d6n cephe ta\u015f duvarlar y\u00fckseltilecek)<\/li><li>Foseptik<\/li><li>Da\u011fdan gelen su ara\u015ft\u0131r\u0131lacak.<\/li><li>Havuz fayans ile kaplanacak.<\/li><\/ol>\n","protected":false},"excerpt":{"rendered":"<p>Bu konuda ikilem i\u00e7erisindeyim. \u00d6nce etraf\u0131na ta\u015f duvar m\u0131 yap\u0131lmal\u0131, yoksa ev mi tadilata girmeli. Ev ile ilgili \u00fczerine bir kat daha \u00e7\u0131kmak gibi \u00e7\u0131lg\u0131nca bir fikrim var. Zira ev 60 metrekareden olu\u015fuyor. \u00d6n\u00fcnde terasl\u0131 bir balkon ile kimbilir nas\u0131l da g\u00fczel bir manzaras\u0131 olur. Her nekadar artan masraf d\u00fcnyas\u0131na nas\u0131l dayan\u0131l\u0131r bilemedim. G\u00f6recegiz. Ta\u015f&hellip; <a class=\"more-link\" href=\"https:\/\/www.kisevi.com\/index.php\/yapilacaklar\/\">Okumaya devam et <span class=\"screen-reader-text\">Yap\u0131lacaklar<\/span><\/a><\/p>\n","protected":false},"author":1,"featured_media":15,"parent":0,"menu_order":0,"comment_status":"closed","ping_status":"open","template":"","meta":{"footnotes":""},"class_list":["post-5","page","type-page","status-publish","has-post-thumbnail","hentry","entry"],"_links":{"self":[{"href":"https:\/\/www.kisevi.com\/index.php\/wp-json\/wp\/v2\/pages\/5","targetHints":{"allow":["GET"]}}],"collection":[{"href":"https:\/\/www.kisevi.com\/index.php\/wp-json\/wp\/v2\/pages"}],"about":[{"href":"https:\/\/www.kisevi.com\/index.php\/wp-json\/wp\/v2\/types\/page"}],"author":[{"embeddable":true,"href":"https:\/\/www.kisevi.com\/index.php\/wp-json\/wp\/v2\/users\/1"}],"replies":[{"embeddable":true,"href":"https:\/\/www.kisevi.com\/index.php\/wp-json\/wp\/v2\/comments?post=5"}],"version-history":[{"count":1,"href":"https:\/\/www.kisevi.com\/index.php\/wp-json\/wp\/v2\/pages\/5\/revisions"}],"predecessor-version":[{"id":24,"href":"https:\/\/www.kisevi.com\/index.php\/wp-json\/wp\/v2\/pages\/5\/revisions\/24"}],"wp:featuredmedia":[{"embeddable":true,"href":"https:\/\/www.kisevi.com\/index.php\/wp-json\/wp\/v2\/media\/15"}],"wp:attachment":[{"href":"https:\/\/www.kisevi.com\/index.php\/wp-json\/wp\/v2\/media?parent=5"}],"curies":[{"name":"wp","href":"https:\/\/api.w.org\/{rel}","templated":true}]}}