{"id":2,"date":"2022-06-02T14:03:17","date_gmt":"2022-06-02T14:03:17","guid":{"rendered":"http:\/\/kisevi.com\/?page_id=2"},"modified":"2025-01-28T09:18:12","modified_gmt":"2025-01-28T09:18:12","slug":"tarihce","status":"publish","type":"page","link":"https:\/\/www.kisevi.com\/","title":{"rendered":"Tarih\u00e7e"},"content":{"rendered":"\n<p>23 Aral\u0131k 2020 tarihinde Yalova \u00c7\u0131narc\u0131k&#8217;ta yer alan arsam\u0131z\u0131 sat\u0131p bir aray\u0131\u015fa girmi\u015ftik. Uzunca s\u00fcren ziyaretler, ara\u015ft\u0131rmalar sonucunda (biraz da b\u0131kk\u0131nl\u0131\u011f\u0131n verdi\u011fi yorgunlukla) buraya karar k\u0131ld\u0131k (02 Haziran 2022). Ne ar\u0131yorduk: \u00dczerindeki yap\u0131 resmi olsun, elektri\u011fi ve suyu olsun ve ormana baks\u0131n.<\/p>\n\n\n\n<p>Buras\u0131 evimize 150 km yakla\u015f\u0131k 1.30 saat s\u00fcr\u00fcyor. Ara\u00e7 git gel ile yakla\u015f\u0131k 24 litre yak\u0131t harc\u0131yor. <\/p>\n\n\n\n<p>Evin \u00e7ok i\u015fi var, biraz ufak bir ev. Bah\u00e7e me\u015fe a\u011fa\u00e7lar\u0131 ile kapl\u0131 k\u00fc\u00e7\u00fck bir orman. Ka\u011f\u0131t \u00fczerinde 2339m2 kocaman, ama g\u00f6zle g\u00f6r\u00fcnce ufac\u0131k bir yer. Temizlik yap\u0131l\u0131nca yer a\u00e7\u0131lacakt\u0131r inanc\u0131nday\u0131m. Ger\u00e7i o kadar a\u011fac\u0131 kesmek i\u00e7in y\u00fcre\u011fimiz nas\u0131l el verecek bilemedim.<\/p>\n\n\n\n<p>Yap\u0131lacak \u00e7ok i\u015fi var, hepsini ya\u015fay\u0131p g\u00f6rece\u011fiz. Kocaman ve uzun bir macera bizi bekliyor. <\/p>\n\n\n\n<p>Youtube icin <a href=\"https:\/\/www.youtube.com\/playlist?list=PLxZHV01SyOYpajE2g_18GNQMe7raBW45G\" target=\"_blank\" rel=\"noreferrer noopener\">t\u0131klay\u0131n&#8230;<\/a><\/p>\n\n\n\n<p>Da\u011f yolundan gelmek i\u00e7in <a href=\"https:\/\/maps.app.goo.gl\/1AyTkz1B93DFXK6v5\" target=\"_blank\" rel=\"noreferrer noopener\">t\u0131klay\u0131n\u0131z.<\/a><\/p>\n\n\n\n<p>H\u0131zl\u0131ca gelmek i\u00e7in <a href=\"https:\/\/maps.app.goo.gl\/x6wPe76pVAv2NHa19\" target=\"_blank\" rel=\"noreferrer noopener\">t\u0131klay\u0131n\u0131z<\/a>.<\/p>\n\n\n\n<figure class=\"wp-block-gallery has-nested-images columns-default is-cropped wp-block-gallery-1 is-layout-flex wp-block-gallery-is-layout-flex\">\n<figure class=\"wp-block-image size-large\"><img loading=\"lazy\" decoding=\"async\" width=\"1024\" height=\"577\" data-id=\"13\" src=\"https:\/\/kisevi.com\/wp-content\/uploads\/2022\/06\/1-1024x577.jpg\" alt=\"\" class=\"wp-image-13\" srcset=\"https:\/\/www.kisevi.com\/wp-content\/uploads\/2022\/06\/1-1024x577.jpg 1024w, https:\/\/www.kisevi.com\/wp-content\/uploads\/2022\/06\/1-300x169.jpg 300w, https:\/\/www.kisevi.com\/wp-content\/uploads\/2022\/06\/1-768x432.jpg 768w, https:\/\/www.kisevi.com\/wp-content\/uploads\/2022\/06\/1-1536x865.jpg 1536w, https:\/\/www.kisevi.com\/wp-content\/uploads\/2022\/06\/1.jpg 1584w\" sizes=\"auto, (max-width: 1024px) 100vw, 1024px\" \/><figcaption class=\"wp-element-caption\">Ah o orman&#8230;<\/figcaption><\/figure>\n\n\n\n<figure class=\"wp-block-image size-large\"><img loading=\"lazy\" decoding=\"async\" width=\"1024\" height=\"580\" data-id=\"15\" src=\"https:\/\/kisevi.com\/wp-content\/uploads\/2022\/06\/3-1024x580.jpg\" alt=\"\" class=\"wp-image-15\"\/><figcaption class=\"wp-element-caption\">Evin hali<\/figcaption><\/figure>\n\n\n\n<figure class=\"wp-block-image size-large\"><img loading=\"lazy\" decoding=\"async\" width=\"1024\" height=\"571\" data-id=\"14\" src=\"https:\/\/kisevi.com\/wp-content\/uploads\/2022\/06\/4-1024x571.jpg\" alt=\"\" class=\"wp-image-14\" srcset=\"https:\/\/www.kisevi.com\/wp-content\/uploads\/2022\/06\/4-1024x571.jpg 1024w, https:\/\/www.kisevi.com\/wp-content\/uploads\/2022\/06\/4-300x167.jpg 300w, https:\/\/www.kisevi.com\/wp-content\/uploads\/2022\/06\/4-768x428.jpg 768w, https:\/\/www.kisevi.com\/wp-content\/uploads\/2022\/06\/4-1536x856.jpg 1536w, https:\/\/www.kisevi.com\/wp-content\/uploads\/2022\/06\/4.jpg 1608w\" sizes=\"auto, (max-width: 1024px) 100vw, 1024px\" \/><figcaption class=\"wp-element-caption\">Y\u00fczme havuzu olur mu ki<\/figcaption><\/figure>\n\n\n\n<figure class=\"wp-block-image size-large\"><img loading=\"lazy\" decoding=\"async\" width=\"1024\" height=\"578\" data-id=\"16\" src=\"https:\/\/kisevi.com\/wp-content\/uploads\/2022\/06\/5-1024x578.jpg\" alt=\"\" class=\"wp-image-16\" srcset=\"https:\/\/www.kisevi.com\/wp-content\/uploads\/2022\/06\/5-1024x578.jpg 1024w, https:\/\/www.kisevi.com\/wp-content\/uploads\/2022\/06\/5-300x169.jpg 300w, https:\/\/www.kisevi.com\/wp-content\/uploads\/2022\/06\/5-768x433.jpg 768w, https:\/\/www.kisevi.com\/wp-content\/uploads\/2022\/06\/5-1536x867.jpg 1536w, https:\/\/www.kisevi.com\/wp-content\/uploads\/2022\/06\/5.jpg 1588w\" sizes=\"auto, (max-width: 1024px) 100vw, 1024px\" \/><\/figure>\n\n\n\n<figure class=\"wp-block-image size-large\"><img loading=\"lazy\" decoding=\"async\" width=\"1580\" height=\"892\" data-id=\"19\" src=\"https:\/\/kisevi.com\/wp-content\/uploads\/2022\/06\/8-1024x578.jpg\" alt=\"\" class=\"wp-image-19\" srcset=\"https:\/\/www.kisevi.com\/wp-content\/uploads\/2022\/06\/8-1024x578.jpg 1024w, https:\/\/www.kisevi.com\/wp-content\/uploads\/2022\/06\/8-300x169.jpg 300w, https:\/\/www.kisevi.com\/wp-content\/uploads\/2022\/06\/8-768x434.jpg 768w, https:\/\/www.kisevi.com\/wp-content\/uploads\/2022\/06\/8-1536x867.jpg 1536w, https:\/\/www.kisevi.com\/wp-content\/uploads\/2022\/06\/8.jpg 1580w\" sizes=\"auto, (max-width: 1580px) 100vw, 1580px\" \/><figcaption class=\"wp-element-caption\">Giri\u015f kap\u0131s\u0131<\/figcaption><\/figure>\n\n\n\n<figure class=\"wp-block-image size-large\"><img loading=\"lazy\" decoding=\"async\" width=\"1024\" height=\"574\" data-id=\"17\" src=\"https:\/\/kisevi.com\/wp-content\/uploads\/2022\/06\/6-1024x574.jpg\" alt=\"\" class=\"wp-image-17\" srcset=\"https:\/\/www.kisevi.com\/wp-content\/uploads\/2022\/06\/6-1024x574.jpg 1024w, https:\/\/www.kisevi.com\/wp-content\/uploads\/2022\/06\/6-300x168.jpg 300w, https:\/\/www.kisevi.com\/wp-content\/uploads\/2022\/06\/6-768x430.jpg 768w, https:\/\/www.kisevi.com\/wp-content\/uploads\/2022\/06\/6-1536x861.jpg 1536w, https:\/\/www.kisevi.com\/wp-content\/uploads\/2022\/06\/6.jpg 1592w\" sizes=\"auto, (max-width: 1024px) 100vw, 1024px\" \/><\/figure>\n\n\n\n<figure class=\"wp-block-image size-large\"><img loading=\"lazy\" decoding=\"async\" width=\"1596\" height=\"900\" data-id=\"18\" src=\"https:\/\/kisevi.com\/wp-content\/uploads\/2022\/06\/7-1024x577.jpg\" alt=\"\" class=\"wp-image-18\" srcset=\"https:\/\/www.kisevi.com\/wp-content\/uploads\/2022\/06\/7-1024x577.jpg 1024w, https:\/\/www.kisevi.com\/wp-content\/uploads\/2022\/06\/7-300x169.jpg 300w, https:\/\/www.kisevi.com\/wp-content\/uploads\/2022\/06\/7-768x433.jpg 768w, https:\/\/www.kisevi.com\/wp-content\/uploads\/2022\/06\/7-1536x866.jpg 1536w, https:\/\/www.kisevi.com\/wp-content\/uploads\/2022\/06\/7.jpg 1596w\" sizes=\"auto, (max-width: 1596px) 100vw, 1596px\" \/><figcaption class=\"wp-element-caption\">Me\u015fe a\u011fa\u00e7lar\u0131 heryerde<\/figcaption><\/figure>\n\n\n\n<figure class=\"wp-block-image size-large\"><img loading=\"lazy\" decoding=\"async\" width=\"1024\" height=\"578\" data-id=\"21\" src=\"https:\/\/kisevi.com\/wp-content\/uploads\/2022\/06\/9-1-1024x578.jpg\" alt=\"\" class=\"wp-image-21\" srcset=\"https:\/\/www.kisevi.com\/wp-content\/uploads\/2022\/06\/9-1-1024x578.jpg 1024w, https:\/\/www.kisevi.com\/wp-content\/uploads\/2022\/06\/9-1-300x169.jpg 300w, https:\/\/www.kisevi.com\/wp-content\/uploads\/2022\/06\/9-1-768x434.jpg 768w, https:\/\/www.kisevi.com\/wp-content\/uploads\/2022\/06\/9-1-1536x867.jpg 1536w, https:\/\/www.kisevi.com\/wp-content\/uploads\/2022\/06\/9-1.jpg 1580w\" sizes=\"auto, (max-width: 1024px) 100vw, 1024px\" \/><figcaption class=\"wp-element-caption\">Da\u011flar da\u011flar<\/figcaption><\/figure>\n\n\n\n<figure class=\"wp-block-image size-large\"><img loading=\"lazy\" decoding=\"async\" width=\"644\" height=\"588\" data-id=\"20\" src=\"https:\/\/kisevi.com\/wp-content\/uploads\/2022\/06\/10.jpg\" alt=\"\" class=\"wp-image-20\" srcset=\"https:\/\/www.kisevi.com\/wp-content\/uploads\/2022\/06\/10.jpg 644w, https:\/\/www.kisevi.com\/wp-content\/uploads\/2022\/06\/10-300x274.jpg 300w\" sizes=\"auto, (max-width: 644px) 100vw, 644px\" \/><\/figure>\n\n\n\n<figure class=\"wp-block-image size-large\"><img loading=\"lazy\" decoding=\"async\" width=\"1024\" height=\"472\" data-id=\"125\" src=\"https:\/\/kisevi.com\/wp-content\/uploads\/2022\/11\/IMG_20221029_174958-1-1024x472.jpg\" alt=\"\" class=\"wp-image-125\" srcset=\"https:\/\/www.kisevi.com\/wp-content\/uploads\/2022\/11\/IMG_20221029_174958-1-1024x472.jpg 1024w, https:\/\/www.kisevi.com\/wp-content\/uploads\/2022\/11\/IMG_20221029_174958-1-300x138.jpg 300w, https:\/\/www.kisevi.com\/wp-content\/uploads\/2022\/11\/IMG_20221029_174958-1-768x354.jpg 768w, https:\/\/www.kisevi.com\/wp-content\/uploads\/2022\/11\/IMG_20221029_174958-1-1536x708.jpg 1536w, https:\/\/www.kisevi.com\/wp-content\/uploads\/2022\/11\/IMG_20221029_174958-1-2048x944.jpg 2048w\" sizes=\"auto, (max-width: 1024px) 100vw, 1024px\" \/><figcaption class=\"wp-element-caption\">Kas\u0131m 2022<\/figcaption><\/figure>\n<\/figure>\n","protected":false},"excerpt":{"rendered":"<p>23 Aral\u0131k 2020 tarihinde Yalova \u00c7\u0131narc\u0131k&#8217;ta yer alan arsam\u0131z\u0131 sat\u0131p bir aray\u0131\u015fa girmi\u015ftik. Uzunca s\u00fcren ziyaretler, ara\u015ft\u0131rmalar sonucunda (biraz da b\u0131kk\u0131nl\u0131\u011f\u0131n verdi\u011fi yorgunlukla) buraya karar k\u0131ld\u0131k (02 Haziran 2022). Ne ar\u0131yorduk: \u00dczerindeki yap\u0131 resmi olsun, elektri\u011fi ve suyu olsun ve ormana baks\u0131n. Buras\u0131 evimize 150 km yakla\u015f\u0131k 1.30 saat s\u00fcr\u00fcyor. Ara\u00e7 git gel ile yakla\u015f\u0131k&hellip; <a class=\"more-link\" href=\"https:\/\/www.kisevi.com\/\">Okumaya devam et <span class=\"screen-reader-text\">Tarih\u00e7e<\/span><\/a><\/p>\n","protected":false},"author":1,"featured_media":11,"parent":0,"menu_order":0,"comment_status":"closed","ping_status":"open","template":"","meta":{"footnotes":""},"class_list":["post-2","page","type-page","status-publish","has-post-thumbnail","hentry","entry"],"_links":{"self":[{"href":"https:\/\/www.kisevi.com\/index.php\/wp-json\/wp\/v2\/pages\/2","targetHints":{"allow":["GET"]}}],"collection":[{"href":"https:\/\/www.kisevi.com\/index.php\/wp-json\/wp\/v2\/pages"}],"about":[{"href":"https:\/\/www.kisevi.com\/index.php\/wp-json\/wp\/v2\/types\/page"}],"author":[{"embeddable":true,"href":"https:\/\/www.kisevi.com\/index.php\/wp-json\/wp\/v2\/users\/1"}],"replies":[{"embeddable":true,"href":"https:\/\/www.kisevi.com\/index.php\/wp-json\/wp\/v2\/comments?post=2"}],"version-history":[{"count":10,"href":"https:\/\/www.kisevi.com\/index.php\/wp-json\/wp\/v2\/pages\/2\/revisions"}],"predecessor-version":[{"id":254,"href":"https:\/\/www.kisevi.com\/index.php\/wp-json\/wp\/v2\/pages\/2\/revisions\/254"}],"wp:featuredmedia":[{"embeddable":true,"href":"https:\/\/www.kisevi.com\/index.php\/wp-json\/wp\/v2\/media\/11"}],"wp:attachment":[{"href":"https:\/\/www.kisevi.com\/index.php\/wp-json\/wp\/v2\/media?parent=2"}],"curies":[{"name":"wp","href":"https:\/\/api.w.org\/{rel}","templated":true}]}}